{"id":17,"date":"2025-07-24T07:47:35","date_gmt":"2025-07-24T07:47:35","guid":{"rendered":"https:\/\/barcarvi.rkinformatika.online\/?page_id=17"},"modified":"2025-07-28T13:23:01","modified_gmt":"2025-07-28T13:23:01","slug":"inicio","status":"publish","type":"page","link":"https:\/\/barcarvi.com\/en\/","title":{"rendered":"Home"},"content":{"rendered":"<div data-elementor-type=\"wp-page\" data-elementor-id=\"17\" class=\"elementor elementor-17\" data-elementor-post-type=\"page\">\n\t\t\t\t<div class=\"elementor-element elementor-element-bd7284a e-flex e-con-boxed e-con e-parent\" data-id=\"bd7284a\" data-element_type=\"container\" data-e-type=\"container\" data-settings=\"{&quot;background_background&quot;:&quot;classic&quot;}\">\n\t\t\t\t\t<div class=\"e-con-inner\">\n\t\t\t\t<div class=\"elementor-element elementor-element-9313b75 elementor-widget elementor-widget-heading\" data-id=\"9313b75\" data-element_type=\"widget\" data-e-type=\"widget\" data-widget_type=\"heading.default\">\n\t\t\t\t\t<h2 class=\"elementor-heading-title elementor-size-default\">CARVI BAR<\/h2>\t\t\t\t<\/div>\n\t\t\t\t<div class=\"elementor-element elementor-element-8b4a0f2 elementor-widget elementor-widget-heading\" data-id=\"8b4a0f2\" data-element_type=\"widget\" data-e-type=\"widget\" data-widget_type=\"heading.default\">\n\t\t\t\t\t<h2 class=\"elementor-heading-title elementor-size-default\">Specialty in Octopus<\/h2>\t\t\t\t<\/div>\n\t\t\t\t\t<\/div>\n\t\t\t\t<\/div>\n\t\t<div class=\"elementor-element elementor-element-bc1dc8f e-flex e-con-boxed e-con e-parent\" data-id=\"bc1dc8f\" data-element_type=\"container\" data-e-type=\"container\">\n\t\t\t\t\t<div class=\"e-con-inner\">\n\t\t<div class=\"elementor-element elementor-element-62d57fd e-con-full e-flex e-con e-child\" data-id=\"62d57fd\" data-element_type=\"container\" data-e-type=\"container\">\n\t\t\t\t<div class=\"elementor-element elementor-element-9a9e268 elementor-widget elementor-widget-image\" data-id=\"9a9e268\" data-element_type=\"widget\" data-e-type=\"widget\" data-widget_type=\"image.default\">\n\t\t\t\t\t\t\t\t\t\t\t\t\t\t\t<img fetchpriority=\"high\" decoding=\"async\" width=\"738\" height=\"801\" src=\"https:\/\/barcarvi.com\/wp-content\/uploads\/2025\/07\/Captura-desde-2025-07-24-10-59-14.png\" class=\"attachment-full size-full wp-image-83\" alt=\"\" srcset=\"https:\/\/barcarvi.com\/wp-content\/uploads\/2025\/07\/Captura-desde-2025-07-24-10-59-14.png 738w, https:\/\/barcarvi.com\/wp-content\/uploads\/2025\/07\/Captura-desde-2025-07-24-10-59-14-276x300.png 276w, https:\/\/barcarvi.com\/wp-content\/uploads\/2025\/07\/Captura-desde-2025-07-24-10-59-14-11x12.png 11w\" sizes=\"(max-width: 738px) 100vw, 738px\" \/>\t\t\t\t\t\t\t\t\t\t\t\t\t\t\t<\/div>\n\t\t\t\t<\/div>\n\t\t<div class=\"elementor-element elementor-element-7a7c410 e-con-full e-flex e-con e-child\" data-id=\"7a7c410\" data-element_type=\"container\" data-e-type=\"container\" data-settings=\"{&quot;background_background&quot;:&quot;classic&quot;}\">\n\t\t\t\t<div class=\"elementor-element elementor-element-2d54fd9 elementor-widget elementor-widget-heading\" data-id=\"2d54fd9\" data-element_type=\"widget\" data-e-type=\"widget\" data-widget_type=\"heading.default\">\n\t\t\t\t\t<h2 class=\"elementor-heading-title elementor-size-default\">About Us<\/h2>\t\t\t\t<\/div>\n\t\t\t\t<div class=\"elementor-element elementor-element-1bb9469 elementor-widget elementor-widget-text-editor\" data-id=\"1bb9469\" data-element_type=\"widget\" data-e-type=\"widget\" data-widget_type=\"text-editor.default\">\n\t\t\t\t\t\t\t\t\t<p data-start=\"200\" data-end=\"421\">At Carvi Bar, we bring the taste of authenticity to every corner of Logro\u00f1o. We are a neighborhood bar with a family spirit, where friendly service, homemade tapas, and a great atmosphere are our best introduction.<\/p><p data-start=\"423\" data-end=\"690\">Located on Cig\u00fce\u00f1a Street, we offer a carefully selected variety of freshly made pinchos, hearty breakfasts, lovingly prepared coffee, and perfectly poured beers. We take pride in delivering quality without gimmicks, at honest prices, in a simple, clean, and welcoming space.<\/p><p data-start=\"692\" data-end=\"886\">Whether you come for a morning coffee or to enjoy tapas with friends in the afternoon, at Carvi you will always find a smile, great service, and that homemade flavor that makes us unique.<\/p><p data-start=\"888\" data-end=\"929\">\u00a0<\/p>\t\t\t\t\t\t\t\t<\/div>\n\t\t\t\t<\/div>\n\t\t\t\t\t<\/div>\n\t\t\t\t<\/div>\n\t\t<div class=\"elementor-element elementor-element-412f8dc e-con-full e-flex e-con e-parent\" data-id=\"412f8dc\" data-element_type=\"container\" data-e-type=\"container\">\n\t\t\t\t<div class=\"elementor-element elementor-element-0bbf1f6 elementor-cta--skin-cover elementor-animated-content elementor-bg-transform elementor-bg-transform-zoom-in elementor-widget elementor-widget-call-to-action\" data-id=\"0bbf1f6\" data-element_type=\"widget\" data-e-type=\"widget\" data-widget_type=\"call-to-action.default\">\n\t\t\t\t\t\t\t<div class=\"elementor-cta\">\n\t\t\t\t\t<div class=\"elementor-cta__bg-wrapper\">\n\t\t\t\t<div class=\"elementor-cta__bg elementor-bg\" style=\"background-image: url(https:\/\/barcarvi.com\/wp-content\/uploads\/2025\/07\/Captura-desde-2025-07-24-11-03-26-1024x422.png);\" role=\"img\" aria-label=\"Captura desde 2025-07-24 11-03-26\"><\/div>\n\t\t\t\t<div class=\"elementor-cta__bg-overlay\"><\/div>\n\t\t\t<\/div>\n\t\t\t\t\t\t\t<div class=\"elementor-cta__content\">\n\t\t\t\t\n\t\t\t\t\t\t\t\t\t<h2 class=\"elementor-cta__title elementor-cta__content-item elementor-content-item elementor-animated-item--grow\">\n\t\t\t\t\t\tHere, tradition is served at the bar.\t\t\t\t\t<\/h2>\n\t\t\t\t\n\t\t\t\t\t\t\t\t\t<div class=\"elementor-cta__description elementor-cta__content-item elementor-content-item elementor-animated-item--grow\">\n\t\t\t\t\t\tAt Carvi Bar, we await you with the same classic flavors and everyday quality.\t\t\t\t\t<\/div>\n\t\t\t\t\n\t\t\t\t\t\t\t\t\t<div class=\"elementor-cta__button-wrapper elementor-cta__content-item elementor-content-item elementor-animated-item--grow\">\n\t\t\t\t\t<a class=\"elementor-cta__button elementor-button elementor-size-\" href=\"https:\/\/barcarvi.com\/en\/productos\/\">\n\t\t\t\t\t\tPRODUCTS\t\t\t\t\t<\/a>\n\t\t\t\t\t<\/div>\n\t\t\t\t\t\t\t<\/div>\n\t\t\t\t\t\t<\/div>\n\t\t\t\t\t\t<\/div>\n\t\t\t\t<\/div>\n\t\t\t\t<\/div>","protected":false},"excerpt":{"rendered":"<p>BAR CARVI Especialidad en Pulpo Sobre Nosotros En Bar Carvi, llevamos el sabor de lo aut\u00e9ntico a cada rinc\u00f3n de Logro\u00f1o. Somos un bar de barrio con alma familiar, donde el trato cercano, las tapas caseras y el buen ambiente son nuestra mejor carta de presentaci\u00f3n. Ubicados en la calle Cig\u00fce\u00f1a, te ofrecemos una cuidada [&hellip;]<\/p>\n","protected":false},"author":1,"featured_media":0,"parent":0,"menu_order":0,"comment_status":"closed","ping_status":"closed","template":"elementor_canvas","meta":{"footnotes":""},"class_list":["post-17","page","type-page","status-publish","hentry"],"yoast_head":"<!-- This site is optimized with the Yoast SEO plugin v27.3 - https:\/\/yoast.com\/product\/yoast-seo-wordpress\/ -->\n<title>Inicio - Bar Carvi<\/title>\n<meta name=\"robots\" content=\"index, follow, max-snippet:-1, max-image-preview:large, max-video-preview:-1\" \/>\n<link rel=\"canonical\" href=\"https:\/\/barcarvi.com\/en\/\" \/>\n<meta property=\"og:locale\" content=\"en_GB\" \/>\n<meta property=\"og:type\" content=\"article\" \/>\n<meta property=\"og:title\" content=\"Inicio - Bar Carvi\" \/>\n<meta property=\"og:description\" content=\"BAR CARVI Especialidad en Pulpo Sobre Nosotros En Bar Carvi, llevamos el sabor de lo aut\u00e9ntico a cada rinc\u00f3n de Logro\u00f1o. Somos un bar de barrio con alma familiar, donde el trato cercano, las tapas caseras y el buen ambiente son nuestra mejor carta de presentaci\u00f3n. Ubicados en la calle Cig\u00fce\u00f1a, te ofrecemos una cuidada [&hellip;]\" \/>\n<meta property=\"og:url\" content=\"https:\/\/barcarvi.com\/en\/\" \/>\n<meta property=\"og:site_name\" content=\"Bar Carvi\" \/>\n<meta property=\"article:modified_time\" content=\"2025-07-28T13:23:01+00:00\" \/>\n<meta property=\"og:image\" content=\"https:\/\/barcarvi.com\/wp-content\/uploads\/2025\/07\/Captura-desde-2025-07-24-10-59-14.png\" \/>\n<meta name=\"twitter:card\" content=\"summary_large_image\" \/>\n<meta name=\"twitter:label1\" content=\"Estimated reading time\" \/>\n\t<meta name=\"twitter:data1\" content=\"1 minute\" \/>\n<script type=\"application\/ld+json\" class=\"yoast-schema-graph\">{\"@context\":\"https:\\\/\\\/schema.org\",\"@graph\":[{\"@type\":\"WebPage\",\"@id\":\"https:\\\/\\\/barcarvi.com\\\/\",\"url\":\"https:\\\/\\\/barcarvi.com\\\/\",\"name\":\"Inicio - Bar Carvi\",\"isPartOf\":{\"@id\":\"https:\\\/\\\/barcarvi.com\\\/#website\"},\"primaryImageOfPage\":{\"@id\":\"https:\\\/\\\/barcarvi.com\\\/#primaryimage\"},\"image\":{\"@id\":\"https:\\\/\\\/barcarvi.com\\\/#primaryimage\"},\"thumbnailUrl\":\"https:\\\/\\\/barcarvi.com\\\/wp-content\\\/uploads\\\/2025\\\/07\\\/Captura-desde-2025-07-24-10-59-14.png\",\"datePublished\":\"2025-07-24T07:47:35+00:00\",\"dateModified\":\"2025-07-28T13:23:01+00:00\",\"breadcrumb\":{\"@id\":\"https:\\\/\\\/barcarvi.com\\\/#breadcrumb\"},\"inLanguage\":\"en-GB\",\"potentialAction\":[{\"@type\":\"ReadAction\",\"target\":[\"https:\\\/\\\/barcarvi.com\\\/\"]}]},{\"@type\":\"ImageObject\",\"inLanguage\":\"en-GB\",\"@id\":\"https:\\\/\\\/barcarvi.com\\\/#primaryimage\",\"url\":\"https:\\\/\\\/barcarvi.com\\\/wp-content\\\/uploads\\\/2025\\\/07\\\/Captura-desde-2025-07-24-10-59-14.png\",\"contentUrl\":\"https:\\\/\\\/barcarvi.com\\\/wp-content\\\/uploads\\\/2025\\\/07\\\/Captura-desde-2025-07-24-10-59-14.png\"},{\"@type\":\"BreadcrumbList\",\"@id\":\"https:\\\/\\\/barcarvi.com\\\/#breadcrumb\",\"itemListElement\":[{\"@type\":\"ListItem\",\"position\":1,\"name\":\"Portada\",\"item\":\"https:\\\/\\\/barcarvi.com\\\/\"},{\"@type\":\"ListItem\",\"position\":2,\"name\":\"Inicio\"}]},{\"@type\":\"WebSite\",\"@id\":\"https:\\\/\\\/barcarvi.com\\\/#website\",\"url\":\"https:\\\/\\\/barcarvi.com\\\/\",\"name\":\"Bar Carvi\",\"description\":\"Bar de tapeo en el centro de Logro\u00f1o\",\"publisher\":{\"@id\":\"https:\\\/\\\/barcarvi.com\\\/#organization\"},\"potentialAction\":[{\"@type\":\"SearchAction\",\"target\":{\"@type\":\"EntryPoint\",\"urlTemplate\":\"https:\\\/\\\/barcarvi.com\\\/?s={search_term_string}\"},\"query-input\":{\"@type\":\"PropertyValueSpecification\",\"valueRequired\":true,\"valueName\":\"search_term_string\"}}],\"inLanguage\":\"en-GB\"},{\"@type\":\"Organization\",\"@id\":\"https:\\\/\\\/barcarvi.com\\\/#organization\",\"name\":\"Bar Carvi\",\"url\":\"https:\\\/\\\/barcarvi.com\\\/\",\"logo\":{\"@type\":\"ImageObject\",\"inLanguage\":\"en-GB\",\"@id\":\"https:\\\/\\\/barcarvi.com\\\/#\\\/schema\\\/logo\\\/image\\\/\",\"url\":\"https:\\\/\\\/barcarvi.com\\\/wp-content\\\/uploads\\\/2025\\\/07\\\/cropped-barcarvi202503_logoarriba.jpg\",\"contentUrl\":\"https:\\\/\\\/barcarvi.com\\\/wp-content\\\/uploads\\\/2025\\\/07\\\/cropped-barcarvi202503_logoarriba.jpg\",\"width\":346,\"height\":187,\"caption\":\"Bar Carvi\"},\"image\":{\"@id\":\"https:\\\/\\\/barcarvi.com\\\/#\\\/schema\\\/logo\\\/image\\\/\"}}]}<\/script>\n<!-- \/ Yoast SEO plugin. -->","yoast_head_json":{"title":"Inicio - Bar Carvi","robots":{"index":"index","follow":"follow","max-snippet":"max-snippet:-1","max-image-preview":"max-image-preview:large","max-video-preview":"max-video-preview:-1"},"canonical":"https:\/\/barcarvi.com\/en\/","og_locale":"en_GB","og_type":"article","og_title":"Inicio - Bar Carvi","og_description":"BAR CARVI Especialidad en Pulpo Sobre Nosotros En Bar Carvi, llevamos el sabor de lo aut\u00e9ntico a cada rinc\u00f3n de Logro\u00f1o. Somos un bar de barrio con alma familiar, donde el trato cercano, las tapas caseras y el buen ambiente son nuestra mejor carta de presentaci\u00f3n. Ubicados en la calle Cig\u00fce\u00f1a, te ofrecemos una cuidada [&hellip;]","og_url":"https:\/\/barcarvi.com\/en\/","og_site_name":"Bar Carvi","article_modified_time":"2025-07-28T13:23:01+00:00","og_image":[{"url":"https:\/\/barcarvi.com\/wp-content\/uploads\/2025\/07\/Captura-desde-2025-07-24-10-59-14.png","type":"","width":"","height":""}],"twitter_card":"summary_large_image","twitter_misc":{"Estimated reading time":"1 minute"},"schema":{"@context":"https:\/\/schema.org","@graph":[{"@type":"WebPage","@id":"https:\/\/barcarvi.com\/","url":"https:\/\/barcarvi.com\/","name":"Inicio - Bar Carvi","isPartOf":{"@id":"https:\/\/barcarvi.com\/#website"},"primaryImageOfPage":{"@id":"https:\/\/barcarvi.com\/#primaryimage"},"image":{"@id":"https:\/\/barcarvi.com\/#primaryimage"},"thumbnailUrl":"https:\/\/barcarvi.com\/wp-content\/uploads\/2025\/07\/Captura-desde-2025-07-24-10-59-14.png","datePublished":"2025-07-24T07:47:35+00:00","dateModified":"2025-07-28T13:23:01+00:00","breadcrumb":{"@id":"https:\/\/barcarvi.com\/#breadcrumb"},"inLanguage":"en-GB","potentialAction":[{"@type":"ReadAction","target":["https:\/\/barcarvi.com\/"]}]},{"@type":"ImageObject","inLanguage":"en-GB","@id":"https:\/\/barcarvi.com\/#primaryimage","url":"https:\/\/barcarvi.com\/wp-content\/uploads\/2025\/07\/Captura-desde-2025-07-24-10-59-14.png","contentUrl":"https:\/\/barcarvi.com\/wp-content\/uploads\/2025\/07\/Captura-desde-2025-07-24-10-59-14.png"},{"@type":"BreadcrumbList","@id":"https:\/\/barcarvi.com\/#breadcrumb","itemListElement":[{"@type":"ListItem","position":1,"name":"Portada","item":"https:\/\/barcarvi.com\/"},{"@type":"ListItem","position":2,"name":"Inicio"}]},{"@type":"WebSite","@id":"https:\/\/barcarvi.com\/#website","url":"https:\/\/barcarvi.com\/","name":"Bar Carvi","description":"Bar de tapeo en el centro de Logro\u00f1o","publisher":{"@id":"https:\/\/barcarvi.com\/#organization"},"potentialAction":[{"@type":"SearchAction","target":{"@type":"EntryPoint","urlTemplate":"https:\/\/barcarvi.com\/?s={search_term_string}"},"query-input":{"@type":"PropertyValueSpecification","valueRequired":true,"valueName":"search_term_string"}}],"inLanguage":"en-GB"},{"@type":"Organization","@id":"https:\/\/barcarvi.com\/#organization","name":"Bar Carvi","url":"https:\/\/barcarvi.com\/","logo":{"@type":"ImageObject","inLanguage":"en-GB","@id":"https:\/\/barcarvi.com\/#\/schema\/logo\/image\/","url":"https:\/\/barcarvi.com\/wp-content\/uploads\/2025\/07\/cropped-barcarvi202503_logoarriba.jpg","contentUrl":"https:\/\/barcarvi.com\/wp-content\/uploads\/2025\/07\/cropped-barcarvi202503_logoarriba.jpg","width":346,"height":187,"caption":"Bar Carvi"},"image":{"@id":"https:\/\/barcarvi.com\/#\/schema\/logo\/image\/"}}]}},"_links":{"self":[{"href":"https:\/\/barcarvi.com\/en\/wp-json\/wp\/v2\/pages\/17","targetHints":{"allow":["GET"]}}],"collection":[{"href":"https:\/\/barcarvi.com\/en\/wp-json\/wp\/v2\/pages"}],"about":[{"href":"https:\/\/barcarvi.com\/en\/wp-json\/wp\/v2\/types\/page"}],"author":[{"embeddable":true,"href":"https:\/\/barcarvi.com\/en\/wp-json\/wp\/v2\/users\/1"}],"replies":[{"embeddable":true,"href":"https:\/\/barcarvi.com\/en\/wp-json\/wp\/v2\/comments?post=17"}],"version-history":[{"count":85,"href":"https:\/\/barcarvi.com\/en\/wp-json\/wp\/v2\/pages\/17\/revisions"}],"predecessor-version":[{"id":294,"href":"https:\/\/barcarvi.com\/en\/wp-json\/wp\/v2\/pages\/17\/revisions\/294"}],"wp:attachment":[{"href":"https:\/\/barcarvi.com\/en\/wp-json\/wp\/v2\/media?parent=17"}],"curies":[{"name":"wp","href":"https:\/\/api.w.org\/{rel}","templated":true}]}}